{"id":2,"date":"2024-10-28T21:57:39","date_gmt":"2024-10-28T21:57:39","guid":{"rendered":"https:\/\/radiochota.net\/anuncios\/?page_id=2"},"modified":"2024-11-02T03:23:46","modified_gmt":"2024-11-02T03:23:46","slug":"sample-page","status":"publish","type":"page","link":"https:\/\/radiochota.net\/anuncios\/sample-page\/","title":{"rendered":"Condiciones del Servicio"},"content":{"rendered":"\n<p>Radio Chota SCRL. pone al servicio de los interesados una plataforma digital para que el usuario pueda publicitar su marca comercial bajo las siguientes condiciones:<br>La plataforma tiene una tabla dedicada a espacios publicitarios para nuestros clientes.<br>Los espacios publicitarios pueden contener una imagen.<br>Cada espacio publicitario contendr\u00e1 una breve descripci\u00f3n del servicio o producto.<\/p>\n\n\n\n<p>El usuario debera facilitar la siguiente informaci\u00f3n:<br>&#8211; Nombre de la Empresa<br>&#8211; Nombre del Representante de la Empresa<br>&#8211; Un e-mail y\/o n\u00famero de celular del Representante<br>&#8211; N\u00famero de Whatsapp de la empresa<br>&#8211; Direcci\u00f3n de su establecimiento<br>&#8211; Dominio Web de la p\u00e1gina de la empresa (URL)<\/p>\n\n\n\n<p>Beneficios para el Usuario<br>&#8211; Su marca permanecer\u00e1 visible en la plataforma mientras dure el contrato publicitario con nuestra emisora radial.<br>&#8211; El usuario tendr\u00e1 un spot publicitario (audio) que se emitir\u00e1 m\u00ednimo 2 veces por d\u00eda Lunes, Mi\u00e9rcoles y Viernes o Martes, Jueves y S\u00e1bado seg\u00fan el plan contratado.<br>&#8211; La duraci\u00f3n del spot publicitario ser\u00e1 de 20 segundos como m\u00e1ximo.<\/p>\n\n\n\n<p>Parte econ\u00f3mica:<br>El servicio por su propia naturaleza y uso de energ\u00eda, equipos y otros tiene la siguiente base econ\u00f3mica.<br>&#8211; Un espacio en la plataforma y 2 avisos radiales Lunes, Mi\u00e9rcoles y Viernes o Martes, Jueves y S\u00e1bado (S\/70.00 mensual-24 Avisos de 20 segundos)<br>&#8211; Un espacio en la plataforma y 2 avisos radiales Lunes, Martes, Mi\u00e9rcoles, Jueves y Viernes (S\/100.00 mensual-40 Avisos de 20 segundos)<br>&#8211; Un espacio en la plataforma y 2 avisos radiales Lunes, Martes, Mi\u00e9rcoles, Jueves, Viernes y S\u00e1bado (S\/130.00 mensual-48 Avisos de 20 segundos)<br>&#8211; Un espacio en la plataforma y 4 avisos radiales Lunes, Martes, Mi\u00e9rcoles, jueves, Viernes y S\u00e1bado (S\/250.00 mensual-96 Avisos de 20 segundos)<\/p>\n\n\n\n<p>Nota:<br>Los planes publicitarios puenen ir cambiando en el futuro, para verificar los planes vigentes dir\u00edjase al item Planes de la barra de men\u00fa.<\/p>\n\n\n\n<p>Cualquier otro plan de publicidad que desee contratar el usuario debe ponerse en contacto con los administradores de la plataforma.<\/p>\n\n\n\n<p class=\"has-text-align-right\">Chota, Octubre 2024<\/p>\n\n\n\n<p><\/p>\n","protected":false},"excerpt":{"rendered":"<p>Radio Chota SCRL. pone al servicio de los interesados una plataforma digital para que el usuario pueda publicitar su marca comercial bajo las siguientes condiciones:La plataforma tiene una tabla dedicada a espacios publicitarios para nuestros clientes.Los espacios publicitarios pueden contener una imagen.Cada espacio publicitario contendr\u00e1 una breve descripci\u00f3n del servicio o producto. El usuario debera [&hellip;]<\/p>\n","protected":false},"author":1,"featured_media":0,"parent":0,"menu_order":0,"comment_status":"closed","ping_status":"open","template":"","meta":{"footnotes":""},"class_list":["post-2","page","type-page","status-publish","hentry"],"_links":{"self":[{"href":"https:\/\/radiochota.net\/anuncios\/wp-json\/wp\/v2\/pages\/2","targetHints":{"allow":["GET"]}}],"collection":[{"href":"https:\/\/radiochota.net\/anuncios\/wp-json\/wp\/v2\/pages"}],"about":[{"href":"https:\/\/radiochota.net\/anuncios\/wp-json\/wp\/v2\/types\/page"}],"author":[{"embeddable":true,"href":"https:\/\/radiochota.net\/anuncios\/wp-json\/wp\/v2\/users\/1"}],"replies":[{"embeddable":true,"href":"https:\/\/radiochota.net\/anuncios\/wp-json\/wp\/v2\/comments?post=2"}],"version-history":[{"count":2,"href":"https:\/\/radiochota.net\/anuncios\/wp-json\/wp\/v2\/pages\/2\/revisions"}],"predecessor-version":[{"id":35,"href":"https:\/\/radiochota.net\/anuncios\/wp-json\/wp\/v2\/pages\/2\/revisions\/35"}],"wp:attachment":[{"href":"https:\/\/radiochota.net\/anuncios\/wp-json\/wp\/v2\/media?parent=2"}],"curies":[{"name":"wp","href":"https:\/\/api.w.org\/{rel}","templated":true}]}}